{"id":356,"date":"2024-12-26T17:06:19","date_gmt":"2024-12-26T17:06:19","guid":{"rendered":"https:\/\/www.djwilson.ch\/services\/"},"modified":"2025-12-10T15:32:57","modified_gmt":"2025-12-10T14:32:57","slug":"services","status":"publish","type":"page","link":"https:\/\/www.djwilson.ch\/de\/services\/","title":{"rendered":"Angebot"},"content":{"rendered":"<div class=\"wp-block-uagb-container uagb-block-2225947e alignfull uagb-is-root-container\"><div class=\"uagb-container-inner-blocks-wrap\">\n<div class=\"wp-block-uagb-advanced-heading uagb-block-7301836f\"><h1 class=\"uagb-heading-text\">Mehr als nur Musik \u2013 Der Herzschlag deines Events in Z\u00fcrich und dar\u00fcber hinaus<\/h1><\/div>\n\n\n\n<p class=\"has-text-align-center\">Ich spiele nicht einfach nur Lieder. Ich erschaffe eine lebendige Atmosph\u00e4re, in der Musik zum Teil der Geschichte deiner Feier wird \u2013 egal, ob in Z\u00fcrich oder anderswo in der Schweiz.<\/p>\n<\/div><\/div>\n\n\n\n<div class=\"wp-block-uagb-container uagb-layout-grid uagb-block-73c33870 alignfull uagb-is-root-container\"><div class=\"uagb-container-inner-blocks-wrap\">\n<div class=\"wp-block-uagb-container uagb-block-71a6640a\">\n<div class=\"wp-block-uagb-image uagb-block-19c27270 wp-block-uagb-image--layout-default wp-block-uagb-image--effect-static wp-block-uagb-image--align-none\"><figure class=\"wp-block-uagb-image__figure\"><img decoding=\"async\" srcset=\"\" sizes=\"auto, (max-width: 480px) 150px\" src=\"https:\/\/www.djwilson.ch\/wp-content\/uploads\/2025\/01\/wilson05-1024x768.jpg\" alt=\"Hochzeits-DJ in Aktion \u2013 DJ f\u00fcr Hochzeiten spielt Musik, w\u00e4hrend Braut und Br\u00e4utigam ihren ersten Tanz geniessen.\" class=\"uag-image-937\" width=\"600\" height=\"300\" title=\"DJ Wilson \u2013 DJ f\u00fcr Hochzeit\" loading=\"lazy\" role=\"img\" data-srcset=\"\"\/><\/figure><\/div>\n\n\n\n<div class=\"wp-block-uagb-advanced-heading uagb-block-10ef0e28\"><h2 class=\"uagb-heading-text\">Hochzeiten<\/h2><p class=\"uagb-desc-text\">Ein pers\u00f6nlicher Soundtrack, der die Freude deines besonderen Tages widerspiegelt, eine Atmosph\u00e4re schafft, in der deine G\u00e4ste mitgerissen und am Tanzen sind, und jeden Moment unvergesslich macht.<\/p><\/div>\n\n\n\n<div class=\"wp-block-uagb-buttons uagb-buttons__outer-wrap uagb-btn__default-btn uagb-btn-tablet__default-btn uagb-btn-mobile__default-btn uagb-block-6bd49c19\"><div class=\"uagb-buttons__wrap uagb-buttons-layout-wrap\">\n<div class=\"wp-block-uagb-buttons-child uagb-buttons__outer-wrap uagb-block-b8b9cb4a wp-block-button\"><div class=\"uagb-button__wrapper\"><a class=\"uagb-buttons-repeater wp-block-button__link\" aria-label=\"\" href=\"https:\/\/www.djwilson.ch\/de\/services\/hochzeit-dj-zuerich\/\" rel=\"follow noopener\" target=\"_self\" role=\"button\"><div class=\"uagb-button__link\">Buche deinen Hochzeits-DJ<\/div><\/a><\/div><\/div>\n<\/div><\/div>\n<\/div>\n\n\n\n<div class=\"wp-block-uagb-container uagb-block-389edbfe\">\n<div class=\"wp-block-uagb-image uagb-block-01c1edb4 wp-block-uagb-image--layout-default wp-block-uagb-image--effect-static wp-block-uagb-image--align-none\"><figure class=\"wp-block-uagb-image__figure\"><img decoding=\"async\" srcset=\"\" sizes=\"auto, (max-width: 480px) 150px\" src=\"https:\/\/www.djwilson.ch\/wp-content\/uploads\/2025\/01\/event-1024x683.jpg\" alt=\"DJ f\u00fcr Firmenveranstaltungen, der mit Musik unter violetten Lichtern und festlicher Dekoration die perfekte Atmosph\u00e4re f\u00fcr eine Gesch\u00e4ftsfeier schafft.\" class=\"uag-image-844\" width=\"600\" height=\"300\" title=\"DJ Wilson \u2013 DJ f\u00fcr Firmenfeier\" loading=\"lazy\" role=\"img\" data-srcset=\"\"\/><\/figure><\/div>\n\n\n\n<div class=\"wp-block-uagb-advanced-heading uagb-block-08a01a2d\"><h2 class=\"uagb-heading-text\">Firmenfeiern<\/h2><p class=\"uagb-desc-text\">Ein Event, das Eleganz und Energie vereint, den perfekten Ton trifft und f\u00fcr eine lebendige Atmosph\u00e4re sorgt, damit dein Team und deine G\u00e4ste inspiriert und verbunden bleiben.<\/p><\/div>\n\n\n\n<div class=\"wp-block-uagb-buttons uagb-buttons__outer-wrap uagb-btn__default-btn uagb-btn-tablet__default-btn uagb-btn-mobile__default-btn uagb-block-fa0b678f\"><div class=\"uagb-buttons__wrap uagb-buttons-layout-wrap\">\n<div class=\"wp-block-uagb-buttons-child uagb-buttons__outer-wrap uagb-block-4e670c9f wp-block-button\"><div class=\"uagb-button__wrapper\"><a class=\"uagb-buttons-repeater wp-block-button__link\" aria-label=\"\" href=\"https:\/\/www.djwilson.ch\/de\/services\/firmenfeier-dj-zuerich\/\" rel=\"follow noopener\" target=\"_self\" role=\"button\"><div class=\"uagb-button__link\">Buche deinen Event-DJ<\/div><\/a><\/div><\/div>\n<\/div><\/div>\n<\/div>\n\n\n\n<div class=\"wp-block-uagb-container uagb-block-0bc5ae90\">\n<div class=\"wp-block-uagb-image uagb-block-fdae3e36 wp-block-uagb-image--layout-default wp-block-uagb-image--effect-static wp-block-uagb-image--align-none\"><figure class=\"wp-block-uagb-image__figure\"><img decoding=\"async\" srcset=\"\" sizes=\"auto, (max-width: 480px) 150px\" src=\"https:\/\/www.djwilson.ch\/wp-content\/uploads\/2025\/01\/party04-1024x683.jpg\" alt=\"G\u00e4ste geniessen Getr\u00e4nke und tanzen auf einer lebhaften Party mit Musik von einem professionellen Party-DJ.\" class=\"uag-image-922\" width=\"600\" height=\"300\" title=\"DJ Wilson \u2013 Party DJ\" loading=\"lazy\" role=\"img\" data-srcset=\"\"\/><\/figure><\/div>\n\n\n\n<div class=\"wp-block-uagb-advanced-heading uagb-block-ac78f50b\"><h2 class=\"uagb-heading-text\">Private Feiern<\/h2><p class=\"uagb-desc-text\">Musik, die perfekt zur Stimmung deiner Feier passt, jeden Gast begeistert und dein Event zu einem unvergesslichen Erlebnis macht.<\/p><\/div>\n\n\n\n<div class=\"wp-block-uagb-buttons uagb-buttons__outer-wrap uagb-btn__default-btn uagb-btn-tablet__default-btn uagb-btn-mobile__default-btn uagb-block-828dffde\"><div class=\"uagb-buttons__wrap uagb-buttons-layout-wrap\">\n<div class=\"wp-block-uagb-buttons-child uagb-buttons__outer-wrap uagb-block-1bb0dcd9 wp-block-button\"><div class=\"uagb-button__wrapper\"><a class=\"uagb-buttons-repeater wp-block-button__link\" aria-label=\"\" href=\"https:\/\/www.djwilson.ch\/de\/services\/dj-geburtstag\/\" rel=\"follow noopener\" target=\"_self\" role=\"button\"><div class=\"uagb-button__link\">Buche deinen Party-DJ<\/div><\/a><\/div><\/div>\n<\/div><\/div>\n<\/div>\n\n\n\n<div class=\"wp-block-uagb-container uagb-block-bdae4c62\">\n<div class=\"wp-block-uagb-image uagb-block-b86f8338 wp-block-uagb-image--layout-default wp-block-uagb-image--effect-static wp-block-uagb-image--align-none\"><figure class=\"wp-block-uagb-image__figure\"><img decoding=\"async\" srcset=\"\" sizes=\"auto, (max-width: 480px) 150px\" src=\"https:\/\/www.djwilson.ch\/wp-content\/uploads\/2024\/12\/djwilsonsmile-1024x683.jpg\" alt=\"Portr\u00e4tfoto von DJ Wilson l\u00e4chelnd. DJ in Z\u00fcrich welcher professionelle Event-Beratung bietet. \" class=\"uag-image-835\" width=\"600\" height=\"300\" title=\"DJ Wilson - Event-Beratung\" loading=\"lazy\" role=\"img\" data-srcset=\"\"\/><\/figure><\/div>\n\n\n\n<div class=\"wp-block-uagb-advanced-heading uagb-block-6fc1c7c0\"><h2 class=\"uagb-heading-text\">Event-Beratung<\/h2><p class=\"uagb-desc-text\">Ein individuell abgestimmtes Musikerlebnis, das deine Vision Wirklichkeit werden l\u00e4sst und sicherstellt, dass jedes Detail zum Thema und zur Atmosph\u00e4re deines Events passt.<\/p><\/div>\n\n\n\n<div class=\"wp-block-uagb-buttons uagb-buttons__outer-wrap uagb-btn__default-btn uagb-btn-tablet__default-btn uagb-btn-mobile__default-btn uagb-block-914b4528\"><div class=\"uagb-buttons__wrap uagb-buttons-layout-wrap\">\n<div class=\"wp-block-uagb-buttons-child uagb-buttons__outer-wrap uagb-block-bf41611b wp-block-button\"><div class=\"uagb-button__wrapper\"><a class=\"uagb-buttons-repeater wp-block-button__link\" aria-label=\"\" href=\"https:\/\/www.djwilson.ch\/de\/kontakt\/\" rel=\"follow noopener\" target=\"_self\" role=\"button\"><div class=\"uagb-button__link\">Kontaktiere mich<\/div><\/a><\/div><\/div>\n<\/div><\/div>\n<\/div>\n\n\n\n<div class=\"wp-block-uagb-container uagb-block-0c6a93a5\">\n<div class=\"wp-block-uagb-image uagb-block-80a0da21 wp-block-uagb-image--layout-default wp-block-uagb-image--effect-static wp-block-uagb-image--align-none\"><figure class=\"wp-block-uagb-image__figure\"><img decoding=\"async\" srcset=\"\" sizes=\"auto, (max-width: 480px) 150px\" src=\"https:\/\/www.djwilson.ch\/wp-content\/uploads\/2025\/01\/wilson15-1024x768.jpg\" alt=\"G\u00e4ste tanzen und feiern auf einer lebhaften Party mit DJ Wilson \u2013 einem professionellen Party-DJ.\" class=\"uag-image-943\" width=\"600\" height=\"300\" title=\"DJ Wilson \u2013 Vielf\u00e4ltige Musik\" loading=\"lazy\" role=\"img\" data-srcset=\"\"\/><\/figure><\/div>\n\n\n\n<div class=\"wp-block-uagb-advanced-heading uagb-block-4feab849\"><h2 class=\"uagb-heading-text\">Vielf\u00e4ltige Musik<\/h2><p class=\"uagb-desc-text\">Eine vielf\u00e4ltige Musikauswahl, die alle begeistert \u2013 von zeitlosen Klassikern bis hin zu modernen Hits. So entsteht der perfekte Soundtrack f\u00fcr jeden Moment.<\/p><\/div>\n<\/div>\n\n\n\n<div class=\"wp-block-uagb-container uagb-block-2aa671e5\">\n<div class=\"wp-block-uagb-image uagb-block-99792940 wp-block-uagb-image--layout-default wp-block-uagb-image--effect-static wp-block-uagb-image--align-none\"><figure class=\"wp-block-uagb-image__figure\"><img decoding=\"async\" srcset=\"\" sizes=\"auto, (max-width: 480px) 150px\" src=\"https:\/\/www.djwilson.ch\/wp-content\/uploads\/2025\/01\/djset-1024x683.jpg\" alt=\"Nahaufnahme eines DJs, der an einem professionellen DJ-Controller mit leuchtenden Lichtern mixt.\" class=\"uag-image-845\" width=\"600\" height=\"300\" title=\"DJ Wilson \u2013 Nahtlose \u00dcberg\u00e4nge\" loading=\"lazy\" role=\"img\" data-srcset=\"\"\/><\/figure><\/div>\n\n\n\n<div class=\"wp-block-uagb-advanced-heading uagb-block-42b96d89\"><h2 class=\"uagb-heading-text\">Nahtlose \u00dcberg\u00e4nge<\/h2><p class=\"uagb-desc-text\">Ein makelloser Musikfluss, der die Energie hochh\u00e4lt und daf\u00fcr sorgt, dass dein Event reibungslos von einem Moment zum n\u00e4chsten \u00fcbergeht \u2013 ohne Unterbrechung.<\/p><\/div>\n<\/div>\n<\/div><\/div>\n\n\n\n<div class=\"wp-block-uagb-container uagb-block-4d9f1c9f alignfull uagb-is-root-container\"><div class=\"uagb-container-inner-blocks-wrap\">\n<div class=\"wp-block-uagb-container uagb-block-d9bc673c\">\n<div class=\"wp-block-uagb-info-box uagb-block-833e209d uagb-infobox__content-wrap  uagb-infobox-icon-above-title uagb-infobox-image-valign-top\"><div class=\"uagb-ifb-content\"><div class=\"uagb-ifb-title-wrap\"><p class=\"uagb-ifb-title-prefix\">Bereit zum Feiern?<\/p><h2 class=\"uagb-ifb-title\">Lassen Sie uns Ihren Event Unvergesslich Machen!<\/h2><\/div><p class=\"uagb-ifb-desc\">Kontaktieren Sie noch heute, um Ihre Vorstellungen zu besprechen, und lassen Sie mich \u2013 DJ Wilson \u2013 den perfekten Soundtrack f\u00fcr Ihren besonderen Anlass gestalten.<\/p><div class=\"uagb-ifb-button-wrapper wp-block-button\"><a href=\"\/de\/kontakt\/\" class=\"uagb-infobox-cta-link wp-block-button__link\" target=\"_self\" rel=\"noopener noreferrer\" onclick=\"return true;\"><span class=\"uagb-inline-editing\">JETZT MUSIKMIX BUCHEN<\/span><\/a><\/div><\/div><\/div>\n<\/div>\n<\/div><\/div>","protected":false},"excerpt":{"rendered":"<p>More Than Just Music\u2014It\u2019s the Heartbeat of Your Event in Z\u00fcrich and Beyond I don\u2019t just play songs. I create [&hellip;]<\/p>\n","protected":false},"author":2,"featured_media":0,"parent":0,"menu_order":0,"comment_status":"closed","ping_status":"closed","template":"","meta":{"_uag_custom_page_level_css":"","site-sidebar-layout":"default","site-content-layout":"","ast-site-content-layout":"default","site-content-style":"default","site-sidebar-style":"default","ast-global-header-display":"","ast-banner-title-visibility":"","ast-main-header-display":"","ast-hfb-above-header-display":"","ast-hfb-below-header-display":"","ast-hfb-mobile-header-display":"","site-post-title":"disabled","ast-breadcrumbs-content":"","ast-featured-img":"","footer-sml-layout":"","ast-disable-related-posts":"","theme-transparent-header-meta":"enabled","adv-header-id-meta":"","stick-header-meta":"","header-above-stick-meta":"","header-main-stick-meta":"","header-below-stick-meta":"","astra-migrate-meta-layouts":"default","ast-page-background-enabled":"default","ast-page-background-meta":{"desktop":{"background-color":"var(--ast-global-color-4)","background-image":"","background-repeat":"repeat","background-position":"center center","background-size":"auto","background-attachment":"scroll","background-type":"","background-media":"","overlay-type":"","overlay-color":"","overlay-opacity":"","overlay-gradient":""},"tablet":{"background-color":"","background-image":"","background-repeat":"repeat","background-position":"center center","background-size":"auto","background-attachment":"scroll","background-type":"","background-media":"","overlay-type":"","overlay-color":"","overlay-opacity":"","overlay-gradient":""},"mobile":{"background-color":"","background-image":"","background-repeat":"repeat","background-position":"center center","background-size":"auto","background-attachment":"scroll","background-type":"","background-media":"","overlay-type":"","overlay-color":"","overlay-opacity":"","overlay-gradient":""}},"ast-content-background-meta":{"desktop":{"background-color":"var(--ast-global-color-5)","background-image":"","background-repeat":"repeat","background-position":"center center","background-size":"auto","background-attachment":"scroll","background-type":"","background-media":"","overlay-type":"","overlay-color":"","overlay-opacity":"","overlay-gradient":""},"tablet":{"background-color":"var(--ast-global-color-5)","background-image":"","background-repeat":"repeat","background-position":"center center","background-size":"auto","background-attachment":"scroll","background-type":"","background-media":"","overlay-type":"","overlay-color":"","overlay-opacity":"","overlay-gradient":""},"mobile":{"background-color":"var(--ast-global-color-5)","background-image":"","background-repeat":"repeat","background-position":"center center","background-size":"auto","background-attachment":"scroll","background-type":"","background-media":"","overlay-type":"","overlay-color":"","overlay-opacity":"","overlay-gradient":""}},"footnotes":""},"class_list":["post-356","page","type-page","status-publish","hentry"],"uagb_featured_image_src":{"full":false,"thumbnail":false,"medium":false,"medium_large":false,"large":false,"1536x1536":false,"2048x2048":false,"trp-custom-language-flag":false},"uagb_author_info":{"display_name":"DJ Wilson","author_link":"https:\/\/www.djwilson.ch\/de\/author\/djwilson\/"},"uagb_comment_info":0,"uagb_excerpt":"More Than Just Music\u2014It\u2019s the Heartbeat of Your Event in Z\u00fcrich and Beyond I don\u2019t just play songs. I create [&hellip;]","_links":{"self":[{"href":"https:\/\/www.djwilson.ch\/de\/wp-json\/wp\/v2\/pages\/356","targetHints":{"allow":["GET"]}}],"collection":[{"href":"https:\/\/www.djwilson.ch\/de\/wp-json\/wp\/v2\/pages"}],"about":[{"href":"https:\/\/www.djwilson.ch\/de\/wp-json\/wp\/v2\/types\/page"}],"author":[{"embeddable":true,"href":"https:\/\/www.djwilson.ch\/de\/wp-json\/wp\/v2\/users\/2"}],"replies":[{"embeddable":true,"href":"https:\/\/www.djwilson.ch\/de\/wp-json\/wp\/v2\/comments?post=356"}],"version-history":[{"count":22,"href":"https:\/\/www.djwilson.ch\/de\/wp-json\/wp\/v2\/pages\/356\/revisions"}],"predecessor-version":[{"id":1103,"href":"https:\/\/www.djwilson.ch\/de\/wp-json\/wp\/v2\/pages\/356\/revisions\/1103"}],"wp:attachment":[{"href":"https:\/\/www.djwilson.ch\/de\/wp-json\/wp\/v2\/media?parent=356"}],"curies":[{"name":"wp","href":"https:\/\/api.w.org\/{rel}","templated":true}]}}